{"id":1021,"date":"2023-03-23T17:45:02","date_gmt":"2023-03-23T16:45:02","guid":{"rendered":"https:\/\/location-appartement-cap-agde.com\/?page_id=1021"},"modified":"2023-03-24T13:02:44","modified_gmt":"2023-03-24T12:02:44","slug":"test","status":"publish","type":"page","link":"https:\/\/location-appartement-cap-agde.com\/index.php\/test\/","title":{"rendered":"test"},"content":{"rendered":"\n<p>  Magasins 2 km, magasin d&rsquo;alimentation 600 m, centre commercial 4 km, restaurant 300 m. Port de plaisance 1.5 km, terrain de golf (27 trous) 2.5 km, tennis 1 km.<\/p>\n\n\n\n<p> Charmant T2 en rez de jardin de 27m\u00b2. Terrasse de 10m\u00b2 orient\u00e9e, sud ouest vue sur espace vert. Parking priv\u00e9 n\u00b0 270.<\/p>\n\n\n\n<p> Les draps, serviettes et torchons ne sont pas fournis dans cet appartement. Vous pouvez en faire la demande \u00e0 l&rsquo;agence si n\u00e9cessaire. Prix de la location : 15 \u20ac par couchage pour les draps. Pour les serviettes: 10\u20ac par personnes.<\/p>\n\n\n\n<p>Le m\u00e9nage de d\u00e9part est \u00e0 votre charge. Option m\u00e9nage : 70 euros<\/p>\n\n\n\n<p>Sauf mention contraire, les prestations, telles que m\u00e9nage, draps, serviettes etc.. ne sont pas incluses dans le prix de cette location.<\/p>\n\n\n\n<p>Si animaux de compagnie admis (indiqu\u00e9 dans annonce), un suppl\u00e9ment peut s&rsquo;appliquer.<\/p>\n\n\n\n<p>Seuls les \u00e9quipements mentionn\u00e9s sp\u00e9cifiquement dans cette annonce sont pr\u00e9sents. Un \u00e9quipement non indiqu\u00e9 n&rsquo;est pas consid\u00e9r\u00e9 comme pr\u00e9sent.<\/p>\n\n\n\n<p>Options &amp; Services: Caution h\u00e9bergement: 300.0\u20ac Lit b\u00e9b\u00e9: Facultatif : 15\u20ac par s\u00e9jour place de parking en ext\u00e9rieur: Inclus dans le prix Acc\u00e8s Internet: Facultatif : 39\u20ac par s\u00e9jour Animaux accept\u00e9s: Facultatif : 15\u20ac par s\u00e9jour Heure d&rsquo;arriv\u00e9e: 16h Heure de d\u00e9part: 9h M\u00e9nage fin de s\u00e9jour: Facultatif : 70\u20ac par s\u00e9jour Serviette: Facultatif : 10\u20ac par personne par s\u00e9jour Draps: Facultatif : 15\u20ac par s\u00e9jour Taxe s\u00e9jour adulte: \u00e0 r\u00e9gler sur place selon tarifs en vigueur A noter : la g\u00e9olocalisation de la location sur la carte est approximative et non contractuelle<\/p>\n","protected":false},"excerpt":{"rendered":"<p>Magasins 2 km, magasin d&rsquo;alimentation 600 m, centre commercial 4 km, restaurant 300 m. Port de plaisance 1.5 km, terrain de golf (27 trous) 2.5 km, tennis 1 km. Charmant T2 en rez de&#46;&#46;&#46;<\/p>\n","protected":false},"author":1,"featured_media":0,"parent":0,"menu_order":0,"comment_status":"closed","ping_status":"closed","template":"","meta":{"footnotes":""},"class_list":["post-1021","page","type-page","status-publish","hentry"],"yoast_head":"<!-- This site is optimized with the Yoast SEO plugin v27.5 - https:\/\/yoast.com\/product\/yoast-seo-wordpress\/ -->\n<title>test - Appartement Eleuthera - Cap d&#039;Agde<\/title>\n<meta name=\"robots\" content=\"index, follow, max-snippet:-1, max-image-preview:large, max-video-preview:-1\" \/>\n<link rel=\"canonical\" href=\"https:\/\/location-appartement-cap-agde.com\/index.php\/test\/\" \/>\n<meta property=\"og:locale\" content=\"fr_FR\" \/>\n<meta property=\"og:type\" content=\"article\" \/>\n<meta property=\"og:title\" content=\"test - Appartement Eleuthera - Cap d&#039;Agde\" \/>\n<meta property=\"og:description\" content=\"Magasins 2 km, magasin d&rsquo;alimentation 600 m, centre commercial 4 km, restaurant 300 m. Port de plaisance 1.5 km, terrain de golf (27 trous) 2.5 km, tennis 1 km. Charmant T2 en rez de&#046;&#046;&#046;\" \/>\n<meta property=\"og:url\" content=\"https:\/\/location-appartement-cap-agde.com\/index.php\/test\/\" \/>\n<meta property=\"og:site_name\" content=\"Appartement Eleuthera - Cap d&#039;Agde\" \/>\n<meta property=\"article:modified_time\" content=\"2023-03-24T12:02:44+00:00\" \/>\n<meta name=\"twitter:card\" content=\"summary_large_image\" \/>\n<meta name=\"twitter:label1\" content=\"Dur\u00e9e de lecture estim\u00e9e\" \/>\n\t<meta name=\"twitter:data1\" content=\"2 minutes\" \/>\n<script type=\"application\/ld+json\" class=\"yoast-schema-graph\">{\"@context\":\"https:\\\/\\\/schema.org\",\"@graph\":[{\"@type\":\"WebPage\",\"@id\":\"https:\\\/\\\/location-appartement-cap-agde.com\\\/index.php\\\/test\\\/\",\"url\":\"https:\\\/\\\/location-appartement-cap-agde.com\\\/index.php\\\/test\\\/\",\"name\":\"test - Appartement Eleuthera - Cap d&#039;Agde\",\"isPartOf\":{\"@id\":\"https:\\\/\\\/location-appartement-cap-agde.com\\\/#website\"},\"datePublished\":\"2023-03-23T16:45:02+00:00\",\"dateModified\":\"2023-03-24T12:02:44+00:00\",\"breadcrumb\":{\"@id\":\"https:\\\/\\\/location-appartement-cap-agde.com\\\/index.php\\\/test\\\/#breadcrumb\"},\"inLanguage\":\"fr-FR\",\"potentialAction\":[{\"@type\":\"ReadAction\",\"target\":[\"https:\\\/\\\/location-appartement-cap-agde.com\\\/index.php\\\/test\\\/\"]}]},{\"@type\":\"BreadcrumbList\",\"@id\":\"https:\\\/\\\/location-appartement-cap-agde.com\\\/index.php\\\/test\\\/#breadcrumb\",\"itemListElement\":[{\"@type\":\"ListItem\",\"position\":1,\"name\":\"Accueil\",\"item\":\"https:\\\/\\\/location-appartement-cap-agde.com\\\/\"},{\"@type\":\"ListItem\",\"position\":2,\"name\":\"test\"}]},{\"@type\":\"WebSite\",\"@id\":\"https:\\\/\\\/location-appartement-cap-agde.com\\\/#website\",\"url\":\"https:\\\/\\\/location-appartement-cap-agde.com\\\/\",\"name\":\"Appartement Eleuthera - Cap d&#039;Agde\",\"description\":\"Au milieu des pins parasol\",\"potentialAction\":[{\"@type\":\"SearchAction\",\"target\":{\"@type\":\"EntryPoint\",\"urlTemplate\":\"https:\\\/\\\/location-appartement-cap-agde.com\\\/?s={search_term_string}\"},\"query-input\":{\"@type\":\"PropertyValueSpecification\",\"valueRequired\":true,\"valueName\":\"search_term_string\"}}],\"inLanguage\":\"fr-FR\"}]}<\/script>\n<!-- \/ Yoast SEO plugin. -->","yoast_head_json":{"title":"test - Appartement Eleuthera - Cap d&#039;Agde","robots":{"index":"index","follow":"follow","max-snippet":"max-snippet:-1","max-image-preview":"max-image-preview:large","max-video-preview":"max-video-preview:-1"},"canonical":"https:\/\/location-appartement-cap-agde.com\/index.php\/test\/","og_locale":"fr_FR","og_type":"article","og_title":"test - Appartement Eleuthera - Cap d&#039;Agde","og_description":"Magasins 2 km, magasin d&rsquo;alimentation 600 m, centre commercial 4 km, restaurant 300 m. Port de plaisance 1.5 km, terrain de golf (27 trous) 2.5 km, tennis 1 km. Charmant T2 en rez de&#46;&#46;&#46;","og_url":"https:\/\/location-appartement-cap-agde.com\/index.php\/test\/","og_site_name":"Appartement Eleuthera - Cap d&#039;Agde","article_modified_time":"2023-03-24T12:02:44+00:00","twitter_card":"summary_large_image","twitter_misc":{"Dur\u00e9e de lecture estim\u00e9e":"2 minutes"},"schema":{"@context":"https:\/\/schema.org","@graph":[{"@type":"WebPage","@id":"https:\/\/location-appartement-cap-agde.com\/index.php\/test\/","url":"https:\/\/location-appartement-cap-agde.com\/index.php\/test\/","name":"test - Appartement Eleuthera - Cap d&#039;Agde","isPartOf":{"@id":"https:\/\/location-appartement-cap-agde.com\/#website"},"datePublished":"2023-03-23T16:45:02+00:00","dateModified":"2023-03-24T12:02:44+00:00","breadcrumb":{"@id":"https:\/\/location-appartement-cap-agde.com\/index.php\/test\/#breadcrumb"},"inLanguage":"fr-FR","potentialAction":[{"@type":"ReadAction","target":["https:\/\/location-appartement-cap-agde.com\/index.php\/test\/"]}]},{"@type":"BreadcrumbList","@id":"https:\/\/location-appartement-cap-agde.com\/index.php\/test\/#breadcrumb","itemListElement":[{"@type":"ListItem","position":1,"name":"Accueil","item":"https:\/\/location-appartement-cap-agde.com\/"},{"@type":"ListItem","position":2,"name":"test"}]},{"@type":"WebSite","@id":"https:\/\/location-appartement-cap-agde.com\/#website","url":"https:\/\/location-appartement-cap-agde.com\/","name":"Appartement Eleuthera - Cap d&#039;Agde","description":"Au milieu des pins parasol","potentialAction":[{"@type":"SearchAction","target":{"@type":"EntryPoint","urlTemplate":"https:\/\/location-appartement-cap-agde.com\/?s={search_term_string}"},"query-input":{"@type":"PropertyValueSpecification","valueRequired":true,"valueName":"search_term_string"}}],"inLanguage":"fr-FR"}]}},"jetpack_sharing_enabled":true,"_links":{"self":[{"href":"https:\/\/location-appartement-cap-agde.com\/index.php\/wp-json\/wp\/v2\/pages\/1021","targetHints":{"allow":["GET"]}}],"collection":[{"href":"https:\/\/location-appartement-cap-agde.com\/index.php\/wp-json\/wp\/v2\/pages"}],"about":[{"href":"https:\/\/location-appartement-cap-agde.com\/index.php\/wp-json\/wp\/v2\/types\/page"}],"author":[{"embeddable":true,"href":"https:\/\/location-appartement-cap-agde.com\/index.php\/wp-json\/wp\/v2\/users\/1"}],"replies":[{"embeddable":true,"href":"https:\/\/location-appartement-cap-agde.com\/index.php\/wp-json\/wp\/v2\/comments?post=1021"}],"version-history":[{"count":5,"href":"https:\/\/location-appartement-cap-agde.com\/index.php\/wp-json\/wp\/v2\/pages\/1021\/revisions"}],"predecessor-version":[{"id":1028,"href":"https:\/\/location-appartement-cap-agde.com\/index.php\/wp-json\/wp\/v2\/pages\/1021\/revisions\/1028"}],"wp:attachment":[{"href":"https:\/\/location-appartement-cap-agde.com\/index.php\/wp-json\/wp\/v2\/media?parent=1021"}],"curies":[{"name":"wp","href":"https:\/\/api.w.org\/{rel}","templated":true}]}}