{"id":17,"date":"2020-03-04T15:53:13","date_gmt":"2020-03-04T14:53:13","guid":{"rendered":"http:\/\/location-appartement-cap-agde.com\/?page_id=17"},"modified":"2024-10-05T15:34:54","modified_gmt":"2024-10-05T13:34:54","slug":"location-cap-agde-2","status":"publish","type":"page","link":"https:\/\/location-appartement-cap-agde.com\/index.php\/location-cap-agde-2\/","title":{"rendered":"Localisation"},"content":{"rendered":"\n<p>L&rsquo;appartement se trouve dans la r\u00e9sidence Eleuthera. Il est \u00e0 5 minutes \u00e0 pied du village naturiste, 10 minutes de la plage de Roquille et \u00e0 10 minutes de l\u2019animation du centre port.<\/p>\n\n\n\n<iframe loading=\"lazy\" src=\"https:\/\/www.google.com\/maps\/embed?pb=!1m18!1m12!1m3!1d2903.8902509489!2d3.5138493153541224!3d43.29561997913515!2m3!1f0!2f0!3f0!3m2!1i1024!2i768!4f13.1!3m3!1m2!1s0x12b13b6a1af17405%3A0x392fd2cb9dcff64e!2s1%20Avenue%20de%20Cassiop%C3%A9e%2C%2034300%20Agde!5e0!3m2!1sfr!2sfr!4v1583585945244!5m2!1sfr!2sfr\" width=\"800\" height=\"600\" frameborder=\"0\" style=\"border:0;\" allowfullscreen=\"\"><\/iframe>\n\n\n\n<hr class=\"wp-block-separator has-css-opacity\"\/>\n\n\n\n<p class=\"has-text-align-center has-very-light-gray-color has-vivid-cyan-blue-background-color has-text-color has-background\"><strong>Batiment D : appartement 135 au premier et dernier \u00e9tage. Parking N\u00b0 13<\/strong>5<\/p>\n\n\n\n<h4 class=\"wp-block-heading has-text-align-center\">Comment venir au Cap d&rsquo;Agde<\/h4>\n\n\n\n<p class=\"has-cyan-bluish-gray-background-color has-background\"><strong>Par la route<\/strong><\/p>\n\n\n\n<p><strong>\u2022 Autoroute A9<\/strong> : Sortie 34<br><strong>\u2022 Autoroute A75<\/strong> : Sortie 60<br><strong>\u2022 N9<\/strong>&nbsp;depuis B\u00e9ziers vers P\u00e9zenas<br><strong>\u2022 D609<\/strong>&nbsp;depuis Clermont l\u2019H\u00e9rault<br><strong>\u2022 D612<\/strong>&nbsp;depuis B\u00e9ziers ou S\u00e8te<br><strong>\u2022 D613<\/strong>&nbsp;depuis S\u00e8te vers Montagnac<\/p>\n\n\n\n<p>Informations routi\u00e8res :&nbsp;<a href=\"http:\/\/www.bison-fute.equipement.gouv.fr\/\" target=\"_blank\" rel=\"noreferrer noopener\">www.bison-fute.equipement.gouv.fr<\/a>&nbsp; \u2022 T\u00e9l. 0 800 100 200<\/p>\n\n\n\n<p class=\"has-cyan-bluish-gray-background-color has-background\"><strong>Par le train<\/strong><\/p>\n\n\n\n<p><strong>\u2022 Gare SNCF \u00e0 Agde, B\u00e9ziers, S\u00e8te<\/strong><br>Plusieurs liaisons quotidiennes en TGV direct toute l\u2019ann\u00e9e<br>Renseignements \u2013 r\u00e9servations :&nbsp;<a href=\"http:\/\/www.oui.sncf\/\" target=\"_blank\" rel=\"noreferrer noopener\">www.oui.sncf<\/a>&nbsp;\u2022 T\u00e9l. 36 35<\/p>\n\n\n\n<p class=\"has-cyan-bluish-gray-background-color has-background\"><strong>Par avion<\/strong><\/p>\n\n\n\n<p><strong>\u2022 A\u00e9roport B\u00e9ziers Cap d\u2019Agde H\u00e9rault Occitanie<\/strong><br><a href=\"http:\/\/www.beziers.aeroport.fr\/\" target=\"_blank\" rel=\"noreferrer noopener\">www.beziers.aeroport.fr<\/a>&nbsp;\u2022 T\u00e9l. +33 (0)4 67 809 909<br>Vols directs et low-cost depuis la France et l\u2019Europe<\/p>\n\n\n\n<p><strong>\u2022 A\u00e9roport Montpellier-M\u00e9diterran\u00e9e<\/strong><br><a href=\"http:\/\/www.montpellier.aeroport.fr\/\" target=\"_blank\" rel=\"noreferrer noopener\">www.montpellier.aeroport.fr<\/a>&nbsp;\u2022 T\u00e9l. +33 (0)4 67 20 85 00<br>Vols directs depuis la France<br>Vols directs et low-cost depuis l\u2019Europe et l\u2019International<br>Vols saisonniers<\/p>\n\n\n\n<p class=\"has-cyan-bluish-gray-background-color has-background\"><strong>En bus \/ autocar<\/strong><\/p>\n\n\n\n<p><strong>\u2022 Cap Bus<\/strong><br>Renseignements et horaires :&nbsp;<a href=\"http:\/\/www.capbus.fr\/\" target=\"_blank\" rel=\"noreferrer noopener\">www.capbus.fr&nbsp;<\/a>\u2022 T\u00e9l. +33 (0)4 67 01 22 24<br>5 lignes r\u00e9guli\u00e8res et 5 lignes en Transport \u00e0 la Demande (TAD)<br>R\u00e9servation TAD : T\u00e9l. 0 800 350 310<\/p>\n\n\n\n<p><strong>\u2022 H\u00e9rault Transport<\/strong><br>Renseignements et horaires :&nbsp;<a href=\"http:\/\/www.herault-transport.fr\/\" target=\"_blank\" rel=\"noreferrer noopener\">www.herault-transport.fr<\/a>&nbsp;\u2022 T\u00e9l. +33 (0)4 34 888 999<br>Nombreuses lignes au d\u00e9part de B\u00e9ziers, S\u00e8te, Montpellier et P\u00e9zenas<\/p>\n","protected":false},"excerpt":{"rendered":"<p>L&rsquo;appartement se trouve dans la r\u00e9sidence Eleuthera. Il est \u00e0 5 minutes \u00e0 pied du village naturiste, 10 minutes de la plage de Roquille et \u00e0 10 minutes de l\u2019animation du centre port. Batiment&#46;&#46;&#46;<\/p>\n","protected":false},"author":1,"featured_media":0,"parent":0,"menu_order":0,"comment_status":"closed","ping_status":"closed","template":"","meta":{"footnotes":""},"class_list":["post-17","page","type-page","status-publish","hentry"],"yoast_head":"<!-- This site is optimized with the Yoast SEO plugin v27.4 - https:\/\/yoast.com\/product\/yoast-seo-wordpress\/ -->\n<title>Localisation - Appartement Eleuthera - Cap d&#039;Agde<\/title>\n<meta name=\"description\" content=\"Location appartement r\u00e9sidence Eleuthera au Cap d&#039;Agde \u00e0 deux pas du village naturiste et des plages. Climatisation, Piscine, parking s\u00e9curis\u00e9\" \/>\n<meta name=\"robots\" content=\"index, follow, max-snippet:-1, max-image-preview:large, max-video-preview:-1\" \/>\n<link rel=\"canonical\" href=\"https:\/\/location-appartement-cap-agde.com\/index.php\/location-cap-agde-2\/\" \/>\n<meta property=\"og:locale\" content=\"fr_FR\" \/>\n<meta property=\"og:type\" content=\"article\" \/>\n<meta property=\"og:title\" content=\"Localisation - Appartement Eleuthera - Cap d&#039;Agde\" \/>\n<meta property=\"og:description\" content=\"Location appartement r\u00e9sidence Eleuthera au Cap d&#039;Agde \u00e0 deux pas du village naturiste et des plages. Climatisation, Piscine, parking s\u00e9curis\u00e9\" \/>\n<meta property=\"og:url\" content=\"https:\/\/location-appartement-cap-agde.com\/index.php\/location-cap-agde-2\/\" \/>\n<meta property=\"og:site_name\" content=\"Appartement Eleuthera - Cap d&#039;Agde\" \/>\n<meta property=\"article:modified_time\" content=\"2024-10-05T13:34:54+00:00\" \/>\n<meta name=\"twitter:card\" content=\"summary_large_image\" \/>\n<meta name=\"twitter:label1\" content=\"Dur\u00e9e de lecture estim\u00e9e\" \/>\n\t<meta name=\"twitter:data1\" content=\"2 minutes\" \/>\n<script type=\"application\/ld+json\" class=\"yoast-schema-graph\">{\"@context\":\"https:\\\/\\\/schema.org\",\"@graph\":[{\"@type\":\"WebPage\",\"@id\":\"https:\\\/\\\/location-appartement-cap-agde.com\\\/index.php\\\/location-cap-agde-2\\\/\",\"url\":\"https:\\\/\\\/location-appartement-cap-agde.com\\\/index.php\\\/location-cap-agde-2\\\/\",\"name\":\"Localisation - Appartement Eleuthera - Cap d&#039;Agde\",\"isPartOf\":{\"@id\":\"https:\\\/\\\/location-appartement-cap-agde.com\\\/#website\"},\"datePublished\":\"2020-03-04T14:53:13+00:00\",\"dateModified\":\"2024-10-05T13:34:54+00:00\",\"description\":\"Location appartement r\u00e9sidence Eleuthera au Cap d'Agde \u00e0 deux pas du village naturiste et des plages. Climatisation, Piscine, parking s\u00e9curis\u00e9\",\"breadcrumb\":{\"@id\":\"https:\\\/\\\/location-appartement-cap-agde.com\\\/index.php\\\/location-cap-agde-2\\\/#breadcrumb\"},\"inLanguage\":\"fr-FR\",\"potentialAction\":[{\"@type\":\"ReadAction\",\"target\":[\"https:\\\/\\\/location-appartement-cap-agde.com\\\/index.php\\\/location-cap-agde-2\\\/\"]}]},{\"@type\":\"BreadcrumbList\",\"@id\":\"https:\\\/\\\/location-appartement-cap-agde.com\\\/index.php\\\/location-cap-agde-2\\\/#breadcrumb\",\"itemListElement\":[{\"@type\":\"ListItem\",\"position\":1,\"name\":\"Accueil\",\"item\":\"https:\\\/\\\/location-appartement-cap-agde.com\\\/\"},{\"@type\":\"ListItem\",\"position\":2,\"name\":\"Localisation\"}]},{\"@type\":\"WebSite\",\"@id\":\"https:\\\/\\\/location-appartement-cap-agde.com\\\/#website\",\"url\":\"https:\\\/\\\/location-appartement-cap-agde.com\\\/\",\"name\":\"Appartement Eleuthera - Cap d&#039;Agde\",\"description\":\"Au milieu des pins parasol\",\"potentialAction\":[{\"@type\":\"SearchAction\",\"target\":{\"@type\":\"EntryPoint\",\"urlTemplate\":\"https:\\\/\\\/location-appartement-cap-agde.com\\\/?s={search_term_string}\"},\"query-input\":{\"@type\":\"PropertyValueSpecification\",\"valueRequired\":true,\"valueName\":\"search_term_string\"}}],\"inLanguage\":\"fr-FR\"}]}<\/script>\n<!-- \/ Yoast SEO plugin. -->","yoast_head_json":{"title":"Localisation - Appartement Eleuthera - Cap d&#039;Agde","description":"Location appartement r\u00e9sidence Eleuthera au Cap d'Agde \u00e0 deux pas du village naturiste et des plages. Climatisation, Piscine, parking s\u00e9curis\u00e9","robots":{"index":"index","follow":"follow","max-snippet":"max-snippet:-1","max-image-preview":"max-image-preview:large","max-video-preview":"max-video-preview:-1"},"canonical":"https:\/\/location-appartement-cap-agde.com\/index.php\/location-cap-agde-2\/","og_locale":"fr_FR","og_type":"article","og_title":"Localisation - Appartement Eleuthera - Cap d&#039;Agde","og_description":"Location appartement r\u00e9sidence Eleuthera au Cap d'Agde \u00e0 deux pas du village naturiste et des plages. Climatisation, Piscine, parking s\u00e9curis\u00e9","og_url":"https:\/\/location-appartement-cap-agde.com\/index.php\/location-cap-agde-2\/","og_site_name":"Appartement Eleuthera - Cap d&#039;Agde","article_modified_time":"2024-10-05T13:34:54+00:00","twitter_card":"summary_large_image","twitter_misc":{"Dur\u00e9e de lecture estim\u00e9e":"2 minutes"},"schema":{"@context":"https:\/\/schema.org","@graph":[{"@type":"WebPage","@id":"https:\/\/location-appartement-cap-agde.com\/index.php\/location-cap-agde-2\/","url":"https:\/\/location-appartement-cap-agde.com\/index.php\/location-cap-agde-2\/","name":"Localisation - Appartement Eleuthera - Cap d&#039;Agde","isPartOf":{"@id":"https:\/\/location-appartement-cap-agde.com\/#website"},"datePublished":"2020-03-04T14:53:13+00:00","dateModified":"2024-10-05T13:34:54+00:00","description":"Location appartement r\u00e9sidence Eleuthera au Cap d'Agde \u00e0 deux pas du village naturiste et des plages. Climatisation, Piscine, parking s\u00e9curis\u00e9","breadcrumb":{"@id":"https:\/\/location-appartement-cap-agde.com\/index.php\/location-cap-agde-2\/#breadcrumb"},"inLanguage":"fr-FR","potentialAction":[{"@type":"ReadAction","target":["https:\/\/location-appartement-cap-agde.com\/index.php\/location-cap-agde-2\/"]}]},{"@type":"BreadcrumbList","@id":"https:\/\/location-appartement-cap-agde.com\/index.php\/location-cap-agde-2\/#breadcrumb","itemListElement":[{"@type":"ListItem","position":1,"name":"Accueil","item":"https:\/\/location-appartement-cap-agde.com\/"},{"@type":"ListItem","position":2,"name":"Localisation"}]},{"@type":"WebSite","@id":"https:\/\/location-appartement-cap-agde.com\/#website","url":"https:\/\/location-appartement-cap-agde.com\/","name":"Appartement Eleuthera - Cap d&#039;Agde","description":"Au milieu des pins parasol","potentialAction":[{"@type":"SearchAction","target":{"@type":"EntryPoint","urlTemplate":"https:\/\/location-appartement-cap-agde.com\/?s={search_term_string}"},"query-input":{"@type":"PropertyValueSpecification","valueRequired":true,"valueName":"search_term_string"}}],"inLanguage":"fr-FR"}]}},"jetpack_sharing_enabled":true,"_links":{"self":[{"href":"https:\/\/location-appartement-cap-agde.com\/index.php\/wp-json\/wp\/v2\/pages\/17","targetHints":{"allow":["GET"]}}],"collection":[{"href":"https:\/\/location-appartement-cap-agde.com\/index.php\/wp-json\/wp\/v2\/pages"}],"about":[{"href":"https:\/\/location-appartement-cap-agde.com\/index.php\/wp-json\/wp\/v2\/types\/page"}],"author":[{"embeddable":true,"href":"https:\/\/location-appartement-cap-agde.com\/index.php\/wp-json\/wp\/v2\/users\/1"}],"replies":[{"embeddable":true,"href":"https:\/\/location-appartement-cap-agde.com\/index.php\/wp-json\/wp\/v2\/comments?post=17"}],"version-history":[{"count":15,"href":"https:\/\/location-appartement-cap-agde.com\/index.php\/wp-json\/wp\/v2\/pages\/17\/revisions"}],"predecessor-version":[{"id":1796,"href":"https:\/\/location-appartement-cap-agde.com\/index.php\/wp-json\/wp\/v2\/pages\/17\/revisions\/1796"}],"wp:attachment":[{"href":"https:\/\/location-appartement-cap-agde.com\/index.php\/wp-json\/wp\/v2\/media?parent=17"}],"curies":[{"name":"wp","href":"https:\/\/api.w.org\/{rel}","templated":true}]}}