{"id":89,"date":"2020-03-06T14:24:17","date_gmt":"2020-03-06T13:24:17","guid":{"rendered":"http:\/\/location-appartement-cap-agde.com\/?page_id=89"},"modified":"2023-02-07T10:41:32","modified_gmt":"2023-02-07T09:41:32","slug":"disponibilite-reservation","status":"publish","type":"page","link":"https:\/\/location-appartement-cap-agde.com\/index.php\/disponibilite-reservation\/","title":{"rendered":"R\u00e9server"},"content":{"rendered":"\n<p><strong>En juillet et ao\u00fbt les entr\u00e9es et sorties se font uniquement le samedi ou le dimanche.<\/strong><\/p>\n\n\n\n<div class=\"mphb_sc_room-wrapper \"><div class=\"mphb-room-type post-59 mphb_room_type type-mphb_room_type status-publish mphb-room-type-adults-6 mphb-room-type-children-4 has-taxes-and-fees\">\n\n\t\n\t\n<h2 class=\"mphb-room-type-title entry-title\">\n\n<a class=\"mphb-room-type-title\" href=\"https:\/\/location-appartement-cap-agde.com\/index.php\/accommodation\/appartement-n-135-eleuthera\/\">Appartement N\u00b0 135 Eleuth\u00e9ra Cap d&rsquo;Agde<\/a>\n\n<\/h2>\n\n\n\n<h3 class=\"mphb-room-type-details-title\">D\u00e9tails<\/h3><ul class=\"mphb-loop-room-type-attributes\">\n\t<li class=\"mphb-room-type-total-capacity\"><span class=\"mphb-attribute-title mphb-total-capacity-title\">Invit\u00e9s:<\/span><span class=\"mphb-attribute-value\">\n\t6\n\t<\/span><\/li>\t\n\n\n\n\n\n\n\n\n\t<li class=\"mphb-room-type-bed-type\"><span  class=\"mphb-attribute-title mphb-bed-type-title\">Type de lit :<\/span><span class=\"mphb-attribute-value\">\n\tChambre ind\u00e9pendante lit en 160\n\t<\/span><\/li>\n\t\n\n<\/ul>\n\n\t<p class=\"mphb-regular-price\"><strong>Prix \u00e0 partir de:<\/strong>\n\t<span class=\"mphb-price\">80&nbsp;<span class=\"mphb-currency\">&euro;<\/span><\/span> <span class=\"mphb-price-period\" title=\"Choisissez les dates pour voir les prix pertinents\">par nuit<\/span><span class=\"mphb-tax-information taxes-included\"> (+taxes et frais)<\/span>\n\t<\/p>\n\t\n<div class=\"mphb-to-book-btn-wrapper\">\n<form action=\"https:\/\/location-appartement-cap-agde.com\/index.php\/accommodation\/appartement-n-135-eleuthera\/#booking-form-59\" method=\"get\" ><button type=\"submit\" class=\"button mphb-book-button\" >R\u00e9server<\/button><\/form>\n<br\/><\/div>\n\t\n<\/div>\n<\/div>\n\n\n\n<div class=\"mphb_sc_availability_calendar-wrapper\">\t<div class=\"mphb-calendar mphb-datepick inlinePicker mphb-calendar--direct-booking\" data-room-type-id=\"59\" data-monthstoshow=\"1\" data-is_show_prices=\"0\" data-is_truncate_prices=\"1\" data-is_show_prices_currency=\"0\" data-first_available_check_in_date=\"2026-05-15\"><\/div>\n\t<\/div>\n\n\n\n<p><\/p>\n","protected":false},"excerpt":{"rendered":"<p>En juillet et ao\u00fbt les entr\u00e9es et sorties se font uniquement le samedi ou le dimanche.<\/p>\n","protected":false},"author":1,"featured_media":0,"parent":0,"menu_order":0,"comment_status":"closed","ping_status":"closed","template":"","meta":{"footnotes":""},"class_list":["post-89","page","type-page","status-publish","hentry"],"yoast_head":"<!-- This site is optimized with the Yoast SEO plugin v27.6 - https:\/\/yoast.com\/product\/yoast-seo-wordpress\/ -->\n<title>R\u00e9server - Appartement Eleuthera - Cap d&#039;Agde<\/title>\n<meta name=\"description\" content=\"Location appartement climatis\u00e9 cap agde, pr\u00e9s village naturiste, parking, piscine r\u00e9sidence s\u00e9curis\u00e9, vacances\" \/>\n<meta name=\"robots\" content=\"index, follow, max-snippet:-1, max-image-preview:large, max-video-preview:-1\" \/>\n<link rel=\"canonical\" href=\"https:\/\/location-appartement-cap-agde.com\/index.php\/disponibilite-reservation\/\" \/>\n<meta property=\"og:locale\" content=\"fr_FR\" \/>\n<meta property=\"og:type\" content=\"article\" \/>\n<meta property=\"og:title\" content=\"R\u00e9server - Appartement Eleuthera - Cap d&#039;Agde\" \/>\n<meta property=\"og:description\" content=\"Location appartement climatis\u00e9 cap agde, pr\u00e9s village naturiste, parking, piscine r\u00e9sidence s\u00e9curis\u00e9, vacances\" \/>\n<meta property=\"og:url\" content=\"https:\/\/location-appartement-cap-agde.com\/index.php\/disponibilite-reservation\/\" \/>\n<meta property=\"og:site_name\" content=\"Appartement Eleuthera - Cap d&#039;Agde\" \/>\n<meta property=\"article:modified_time\" content=\"2023-02-07T09:41:32+00:00\" \/>\n<meta name=\"twitter:card\" content=\"summary_large_image\" \/>\n<meta name=\"twitter:label1\" content=\"Dur\u00e9e de lecture estim\u00e9e\" \/>\n\t<meta name=\"twitter:data1\" content=\"1 minute\" \/>\n<script type=\"application\/ld+json\" class=\"yoast-schema-graph\">{\"@context\":\"https:\\\/\\\/schema.org\",\"@graph\":[{\"@type\":\"WebPage\",\"@id\":\"https:\\\/\\\/location-appartement-cap-agde.com\\\/index.php\\\/disponibilite-reservation\\\/\",\"url\":\"https:\\\/\\\/location-appartement-cap-agde.com\\\/index.php\\\/disponibilite-reservation\\\/\",\"name\":\"R\u00e9server - Appartement Eleuthera - Cap d&#039;Agde\",\"isPartOf\":{\"@id\":\"https:\\\/\\\/location-appartement-cap-agde.com\\\/#website\"},\"datePublished\":\"2020-03-06T13:24:17+00:00\",\"dateModified\":\"2023-02-07T09:41:32+00:00\",\"description\":\"Location appartement climatis\u00e9 cap agde, pr\u00e9s village naturiste, parking, piscine r\u00e9sidence s\u00e9curis\u00e9, vacances\",\"breadcrumb\":{\"@id\":\"https:\\\/\\\/location-appartement-cap-agde.com\\\/index.php\\\/disponibilite-reservation\\\/#breadcrumb\"},\"inLanguage\":\"fr-FR\",\"potentialAction\":[{\"@type\":\"ReadAction\",\"target\":[\"https:\\\/\\\/location-appartement-cap-agde.com\\\/index.php\\\/disponibilite-reservation\\\/\"]}]},{\"@type\":\"BreadcrumbList\",\"@id\":\"https:\\\/\\\/location-appartement-cap-agde.com\\\/index.php\\\/disponibilite-reservation\\\/#breadcrumb\",\"itemListElement\":[{\"@type\":\"ListItem\",\"position\":1,\"name\":\"Accueil\",\"item\":\"https:\\\/\\\/location-appartement-cap-agde.com\\\/\"},{\"@type\":\"ListItem\",\"position\":2,\"name\":\"R\u00e9server\"}]},{\"@type\":\"WebSite\",\"@id\":\"https:\\\/\\\/location-appartement-cap-agde.com\\\/#website\",\"url\":\"https:\\\/\\\/location-appartement-cap-agde.com\\\/\",\"name\":\"Appartement Eleuthera - Cap d&#039;Agde\",\"description\":\"Au milieu des pins parasol\",\"potentialAction\":[{\"@type\":\"SearchAction\",\"target\":{\"@type\":\"EntryPoint\",\"urlTemplate\":\"https:\\\/\\\/location-appartement-cap-agde.com\\\/?s={search_term_string}\"},\"query-input\":{\"@type\":\"PropertyValueSpecification\",\"valueRequired\":true,\"valueName\":\"search_term_string\"}}],\"inLanguage\":\"fr-FR\"}]}<\/script>\n<!-- \/ Yoast SEO plugin. -->","yoast_head_json":{"title":"R\u00e9server - Appartement Eleuthera - Cap d&#039;Agde","description":"Location appartement climatis\u00e9 cap agde, pr\u00e9s village naturiste, parking, piscine r\u00e9sidence s\u00e9curis\u00e9, vacances","robots":{"index":"index","follow":"follow","max-snippet":"max-snippet:-1","max-image-preview":"max-image-preview:large","max-video-preview":"max-video-preview:-1"},"canonical":"https:\/\/location-appartement-cap-agde.com\/index.php\/disponibilite-reservation\/","og_locale":"fr_FR","og_type":"article","og_title":"R\u00e9server - Appartement Eleuthera - Cap d&#039;Agde","og_description":"Location appartement climatis\u00e9 cap agde, pr\u00e9s village naturiste, parking, piscine r\u00e9sidence s\u00e9curis\u00e9, vacances","og_url":"https:\/\/location-appartement-cap-agde.com\/index.php\/disponibilite-reservation\/","og_site_name":"Appartement Eleuthera - Cap d&#039;Agde","article_modified_time":"2023-02-07T09:41:32+00:00","twitter_card":"summary_large_image","twitter_misc":{"Dur\u00e9e de lecture estim\u00e9e":"1 minute"},"schema":{"@context":"https:\/\/schema.org","@graph":[{"@type":"WebPage","@id":"https:\/\/location-appartement-cap-agde.com\/index.php\/disponibilite-reservation\/","url":"https:\/\/location-appartement-cap-agde.com\/index.php\/disponibilite-reservation\/","name":"R\u00e9server - Appartement Eleuthera - Cap d&#039;Agde","isPartOf":{"@id":"https:\/\/location-appartement-cap-agde.com\/#website"},"datePublished":"2020-03-06T13:24:17+00:00","dateModified":"2023-02-07T09:41:32+00:00","description":"Location appartement climatis\u00e9 cap agde, pr\u00e9s village naturiste, parking, piscine r\u00e9sidence s\u00e9curis\u00e9, vacances","breadcrumb":{"@id":"https:\/\/location-appartement-cap-agde.com\/index.php\/disponibilite-reservation\/#breadcrumb"},"inLanguage":"fr-FR","potentialAction":[{"@type":"ReadAction","target":["https:\/\/location-appartement-cap-agde.com\/index.php\/disponibilite-reservation\/"]}]},{"@type":"BreadcrumbList","@id":"https:\/\/location-appartement-cap-agde.com\/index.php\/disponibilite-reservation\/#breadcrumb","itemListElement":[{"@type":"ListItem","position":1,"name":"Accueil","item":"https:\/\/location-appartement-cap-agde.com\/"},{"@type":"ListItem","position":2,"name":"R\u00e9server"}]},{"@type":"WebSite","@id":"https:\/\/location-appartement-cap-agde.com\/#website","url":"https:\/\/location-appartement-cap-agde.com\/","name":"Appartement Eleuthera - Cap d&#039;Agde","description":"Au milieu des pins parasol","potentialAction":[{"@type":"SearchAction","target":{"@type":"EntryPoint","urlTemplate":"https:\/\/location-appartement-cap-agde.com\/?s={search_term_string}"},"query-input":{"@type":"PropertyValueSpecification","valueRequired":true,"valueName":"search_term_string"}}],"inLanguage":"fr-FR"}]}},"jetpack_sharing_enabled":true,"_links":{"self":[{"href":"https:\/\/location-appartement-cap-agde.com\/index.php\/wp-json\/wp\/v2\/pages\/89","targetHints":{"allow":["GET"]}}],"collection":[{"href":"https:\/\/location-appartement-cap-agde.com\/index.php\/wp-json\/wp\/v2\/pages"}],"about":[{"href":"https:\/\/location-appartement-cap-agde.com\/index.php\/wp-json\/wp\/v2\/types\/page"}],"author":[{"embeddable":true,"href":"https:\/\/location-appartement-cap-agde.com\/index.php\/wp-json\/wp\/v2\/users\/1"}],"replies":[{"embeddable":true,"href":"https:\/\/location-appartement-cap-agde.com\/index.php\/wp-json\/wp\/v2\/comments?post=89"}],"version-history":[{"count":15,"href":"https:\/\/location-appartement-cap-agde.com\/index.php\/wp-json\/wp\/v2\/pages\/89\/revisions"}],"predecessor-version":[{"id":961,"href":"https:\/\/location-appartement-cap-agde.com\/index.php\/wp-json\/wp\/v2\/pages\/89\/revisions\/961"}],"wp:attachment":[{"href":"https:\/\/location-appartement-cap-agde.com\/index.php\/wp-json\/wp\/v2\/media?parent=89"}],"curies":[{"name":"wp","href":"https:\/\/api.w.org\/{rel}","templated":true}]}}