{"id":9,"date":"2020-03-04T15:49:44","date_gmt":"2020-03-04T14:49:44","guid":{"rendered":"http:\/\/location-appartement-cap-agde.com\/?page_id=9"},"modified":"2025-02-09T19:26:07","modified_gmt":"2025-02-09T18:26:07","slug":"location-appartement-cap-agde","status":"publish","type":"page","link":"https:\/\/location-appartement-cap-agde.com\/","title":{"rendered":"Appartement R\u00e9sidence Eleuthera Cap d&rsquo;Agde"},"content":{"rendered":"\n<p class=\"has-text-align-center has-very-light-gray-color has-text-color has-background has-medium-font-size\" style=\"background-color:#094c76\">Appartement enti\u00e8rement r\u00e9nov\u00e9, climatis\u00e9, piscine,  parking priv\u00e9 s\u00e9curis\u00e9. <\/p>\n\n\n\n<p class=\"has-text-align-justify has-black-color has-text-color\">L&rsquo;appartement est id\u00e9alement situ\u00e9 dans la r\u00e9sidence Eleuthera au Cap d\u2019Agde, entour\u00e9 d&rsquo;un vaste espace bois\u00e9 d&rsquo;essences m\u00e9diterran\u00e9ennes. Il est enti\u00e8rement refait \u00e0 neuf et climatis\u00e9, se situe au premier et dernier \u00e9tage et vous offre une proximit\u00e9 parfaite avec les principaux points d&rsquo;int\u00e9r\u00eats de la r\u00e9gion. Il vous suffira de 5 minutes \u00e0 pied pour rejoindre le village naturiste, 10 minutes pour acc\u00e9der \u00e0 la plage de Roquille et 10 minutes pour profiter de l&rsquo;animation du centre port. La r\u00e9sidence dispose \u00e9galement de nombreux \u00e9quipements pour votre confort, tels qu&rsquo;une piscine, un espace barbecue, un sauna, un ping-pong et un espace de jeux pour les enfants. Enfin, une place de parking privative \u00e0 l&rsquo;int\u00e9rieur de la copropri\u00e9t\u00e9 est \u00e9galement incluse dans la location. <a href=\"http:\/\/location-appartement-cap-agde.com\/index.php\/descriptif-cap-dagde\/\">Plus de d\u00e9tails<\/a>.<\/p>\n\n\n<div  id=\"jtg-1961\" class=\"modula modula-gallery modula-columns\" data-config=\"{&quot;tabletHeight&quot;:800,&quot;mobileHeight&quot;:800,&quot;desktopHeight&quot;:800,&quot;enableTwitter&quot;:false,&quot;enableWhatsapp&quot;:false,&quot;enableFacebook&quot;:false,&quot;enablePinterest&quot;:false,&quot;enableLinkedin&quot;:false,&quot;enableEmail&quot;:false,&quot;randomFactor&quot;:0.5,&quot;type&quot;:&quot;grid&quot;,&quot;columns&quot;:12,&quot;gutter&quot;:10,&quot;mobileGutter&quot;:10,&quot;tabletGutter&quot;:10,&quot;desktopGutter&quot;:10,&quot;enableResponsive&quot;:&quot;0&quot;,&quot;tabletColumns&quot;:2,&quot;mobileColumns&quot;:1,&quot;lazyLoad&quot;:0,&quot;lightboxOpts&quot;:{&quot;animated&quot;:true,&quot;Thumbs&quot;:{&quot;type&quot;:&quot;modern&quot;,&quot;showOnStart&quot;:false},&quot;Toolbar&quot;:{&quot;display&quot;:{&quot;right&quot;:[&quot;close&quot;]},&quot;enabled&quot;:true},&quot;Carousel&quot;:{&quot;Panzoom&quot;:{&quot;touch&quot;:true},&quot;infinite&quot;:false},&quot;keyboard&quot;:{&quot;Escape&quot;:&quot;close&quot;,&quot;Delete&quot;:&quot;close&quot;,&quot;Backspace&quot;:&quot;close&quot;,&quot;PageUp&quot;:false,&quot;PageDown&quot;:false,&quot;ArrowUp&quot;:false,&quot;ArrowDown&quot;:false,&quot;ArrowRight&quot;:false,&quot;ArrowLeft&quot;:false},&quot;touch&quot;:false,&quot;backdropClick&quot;:false,&quot;l10n&quot;:{&quot;CLOSE&quot;:&quot;Close&quot;,&quot;NEXT&quot;:&quot;Next&quot;,&quot;PREV&quot;:&quot;Previous&quot;,&quot;Error&quot;:&quot;The requested content cannot be loaded. Please try again later.&quot;,&quot;PLAY_START&quot;:&quot;Start slideshow&quot;,&quot;PLAY_STOP&quot;:&quot;Pause slideshow&quot;,&quot;FULL_SCREEN&quot;:&quot;Full screen&quot;,&quot;THUMBS&quot;:&quot;Thumbnails&quot;,&quot;DOWNLOAD&quot;:&quot;Download&quot;,&quot;SHARE&quot;:&quot;Share&quot;,&quot;ZOOM&quot;:&quot;Zoom&quot;,&quot;EMAIL&quot;:&quot;Here is the link to the image : %%image_link%% and this is the link to the gallery : %%gallery_link%%&quot;,&quot;MODAL&quot;:&quot;You can close this modal content with the ESC key&quot;,&quot;ERROR&quot;:&quot;Something Went Wrong, Please Try Again Later&quot;,&quot;IMAGE_ERROR&quot;:&quot;Image Not Found&quot;,&quot;ELEMENT_NOT_FOUND&quot;:&quot;HTML Element Not Found&quot;,&quot;AJAX_NOT_FOUND&quot;:&quot;Error Loading AJAX : Not Found&quot;,&quot;AJAX_FORBIDDEN&quot;:&quot;Error Loading AJAX : Forbidden&quot;,&quot;IFRAME_ERROR&quot;:&quot;Error Loading Page&quot;,&quot;TOGGLE_ZOOM&quot;:&quot;Toggle zoom level&quot;,&quot;TOGGLE_THUMBS&quot;:&quot;Toggle thumbnails&quot;,&quot;TOGGLE_SLIDESHOW&quot;:&quot;Toggle slideshow&quot;,&quot;TOGGLE_FULLSCREEN&quot;:&quot;Toggle full-screen mode&quot;},&quot;Images&quot;:{&quot;Panzoom&quot;:{&quot;maxScale&quot;:2}},&quot;mainClass&quot;:&quot;modula-fancybox-container modula-lightbox-jtg-1961&quot;,&quot;Html&quot;:{&quot;videoAutoplay&quot;:0,&quot;videoTpl&quot;:&quot;&lt;video class=\\&quot;fancybox__html5video\\&quot; controls muted playsinline controlsList controlsList=\\&quot;nodownload\\&quot; poster=\\&quot;{{poster}}\\&quot; src=\\&quot;{{src}}\\&quot; type=\\&quot;{{format}}\\&quot; &gt;  Sorry, your browser doesn&#039;t support embedded videos, &lt;a href=\\&quot;{{src}}\\&quot;&gt; download &lt;\\\/a&gt; and watch with your favorite video player! &lt;\\\/video&gt;&quot;}},&quot;inView&quot;:false,&quot;email_subject&quot;:&quot;Check out this awesome image !!&quot;,&quot;email_message&quot;:&quot;Here is the link to the image : %%image_link%% and this is the link to the gallery : %%gallery_link%%&quot;,&quot;grid_type&quot;:&quot;automatic&quot;,&quot;rowHeight&quot;:250,&quot;lastRow&quot;:&quot;justify&quot;,&quot;lightbox&quot;:&quot;fancybox&quot;}\">\n\n\t\n\t<div  class=\"modula-items grid-gallery\">\n\t\t<div class=\"modula-item effect-pufrobo\" >\n\t<div class=\"modula-item-overlay\"><\/div>\n\n\t<div class=\"modula-item-content\">\n\n\t\t<a data-image-id=\"550\" role=\"button\" tabindex=\"0\" rel=\"jtg-1961\" data-caption=\"\" aria-label=\"Open image in lightbox\" class=\"tile-inner modula-item-link\"><\/a><img loading=\"lazy\" decoding=\"async\" class=\"pic wp-image-550\"  data-valign=\"middle\" data-halign=\"center\" alt=\"appartement cap d&#039;agde\" data-full=\"https:\/\/location-appartement-cap-agde.com\/wp-content\/uploads\/2021\/02\/Appart_cap_agde_18-1.jpg\" title=\"Appart_cap_agde_18-1\" crop=\"\" width=\"1200\" height=\"900\" src=\"https:\/\/location-appartement-cap-agde.com\/wp-content\/uploads\/2021\/02\/Appart_cap_agde_18-1.jpg\" data-src=\"https:\/\/location-appartement-cap-agde.com\/wp-content\/uploads\/2021\/02\/Appart_cap_agde_18-1.jpg\" data-caption=\"\" srcset=\"https:\/\/location-appartement-cap-agde.com\/wp-content\/uploads\/2021\/02\/Appart_cap_agde_18-1.jpg 1200w, https:\/\/location-appartement-cap-agde.com\/wp-content\/uploads\/2021\/02\/Appart_cap_agde_18-1-300x225.jpg 300w, https:\/\/location-appartement-cap-agde.com\/wp-content\/uploads\/2021\/02\/Appart_cap_agde_18-1-1024x768.jpg 1024w, https:\/\/location-appartement-cap-agde.com\/wp-content\/uploads\/2021\/02\/Appart_cap_agde_18-1-768x576.jpg 768w\" sizes=\"auto, (max-width: 1200px) 100vw, 1200px\" \/>\n\t\t<div class=\"figc no-description\">\n\t\t\t<div class=\"figc-inner\">\n\t\t\t\t\t\t\t\t\t\t\t\t\t\t\t<\/div>\n\t\t<\/div>\n\n\t<\/div>\n\n<\/div><div class=\"modula-item effect-pufrobo\" >\n\t<div class=\"modula-item-overlay\"><\/div>\n\n\t<div class=\"modula-item-content\">\n\n\t\t<a data-image-id=\"340\" role=\"button\" tabindex=\"0\" rel=\"jtg-1961\" data-caption=\"\" aria-label=\"Open image in lightbox\" class=\"tile-inner modula-item-link\"><\/a><img loading=\"lazy\" decoding=\"async\" class=\"pic wp-image-340\"  data-valign=\"middle\" data-halign=\"center\" alt=\"\" data-full=\"https:\/\/location-appartement-cap-agde.com\/wp-content\/uploads\/2020\/06\/appartement-cap-dagde0003.jpg\" title=\"appartement cap d&#039;agde0003\" crop=\"\" width=\"1380\" height=\"916\" src=\"https:\/\/location-appartement-cap-agde.com\/wp-content\/uploads\/2020\/06\/appartement-cap-dagde0003.jpg\" data-src=\"https:\/\/location-appartement-cap-agde.com\/wp-content\/uploads\/2020\/06\/appartement-cap-dagde0003.jpg\" data-caption=\"\" srcset=\"https:\/\/location-appartement-cap-agde.com\/wp-content\/uploads\/2020\/06\/appartement-cap-dagde0003.jpg 1380w, https:\/\/location-appartement-cap-agde.com\/wp-content\/uploads\/2020\/06\/appartement-cap-dagde0003-300x199.jpg 300w, https:\/\/location-appartement-cap-agde.com\/wp-content\/uploads\/2020\/06\/appartement-cap-dagde0003-1024x680.jpg 1024w, https:\/\/location-appartement-cap-agde.com\/wp-content\/uploads\/2020\/06\/appartement-cap-dagde0003-768x510.jpg 768w\" sizes=\"auto, (max-width: 1380px) 100vw, 1380px\" \/>\n\t\t<div class=\"figc no-description\">\n\t\t\t<div class=\"figc-inner\">\n\t\t\t\t\t\t\t\t\t\t\t\t\t\t\t<\/div>\n\t\t<\/div>\n\n\t<\/div>\n\n<\/div><div class=\"modula-item effect-pufrobo\" >\n\t<div class=\"modula-item-overlay\"><\/div>\n\n\t<div class=\"modula-item-content\">\n\n\t\t<a data-image-id=\"540\" role=\"button\" tabindex=\"0\" rel=\"jtg-1961\" data-caption=\"\" aria-label=\"Open image in lightbox\" class=\"tile-inner modula-item-link\"><\/a><img loading=\"lazy\" decoding=\"async\" class=\"pic wp-image-540\"  data-valign=\"middle\" data-halign=\"center\" alt=\"appartement cap d&#039;agde\" data-full=\"https:\/\/location-appartement-cap-agde.com\/wp-content\/uploads\/2021\/02\/appart-cap-agde-02.jpg\" title=\"appart-cap-agde-02\" crop=\"\" width=\"1354\" height=\"900\" src=\"https:\/\/location-appartement-cap-agde.com\/wp-content\/uploads\/2021\/02\/appart-cap-agde-02.jpg\" data-src=\"https:\/\/location-appartement-cap-agde.com\/wp-content\/uploads\/2021\/02\/appart-cap-agde-02.jpg\" data-caption=\"\" srcset=\"https:\/\/location-appartement-cap-agde.com\/wp-content\/uploads\/2021\/02\/appart-cap-agde-02.jpg 1354w, https:\/\/location-appartement-cap-agde.com\/wp-content\/uploads\/2021\/02\/appart-cap-agde-02-300x199.jpg 300w, https:\/\/location-appartement-cap-agde.com\/wp-content\/uploads\/2021\/02\/appart-cap-agde-02-1024x681.jpg 1024w, https:\/\/location-appartement-cap-agde.com\/wp-content\/uploads\/2021\/02\/appart-cap-agde-02-768x510.jpg 768w\" sizes=\"auto, (max-width: 1354px) 100vw, 1354px\" \/>\n\t\t<div class=\"figc no-description\">\n\t\t\t<div class=\"figc-inner\">\n\t\t\t\t\t\t\t\t\t\t\t\t\t\t\t<\/div>\n\t\t<\/div>\n\n\t<\/div>\n\n<\/div><div class=\"modula-item effect-pufrobo\" >\n\t<div class=\"modula-item-overlay\"><\/div>\n\n\t<div class=\"modula-item-content\">\n\n\t\t<a data-image-id=\"537\" role=\"button\" tabindex=\"0\" rel=\"jtg-1961\" data-caption=\"\" aria-label=\"Open image in lightbox\" class=\"tile-inner modula-item-link\"><\/a><img loading=\"lazy\" decoding=\"async\" class=\"pic wp-image-537\"  data-valign=\"middle\" data-halign=\"center\" alt=\"appartement cap d&#039;agde\" data-full=\"https:\/\/location-appartement-cap-agde.com\/wp-content\/uploads\/2021\/02\/Appart_cap_agde_20.jpg\" title=\"Appart_cap_agde_20\" crop=\"\" width=\"1200\" height=\"900\" src=\"https:\/\/location-appartement-cap-agde.com\/wp-content\/uploads\/2021\/02\/Appart_cap_agde_20.jpg\" data-src=\"https:\/\/location-appartement-cap-agde.com\/wp-content\/uploads\/2021\/02\/Appart_cap_agde_20.jpg\" data-caption=\"\" srcset=\"https:\/\/location-appartement-cap-agde.com\/wp-content\/uploads\/2021\/02\/Appart_cap_agde_20.jpg 1200w, https:\/\/location-appartement-cap-agde.com\/wp-content\/uploads\/2021\/02\/Appart_cap_agde_20-300x225.jpg 300w, https:\/\/location-appartement-cap-agde.com\/wp-content\/uploads\/2021\/02\/Appart_cap_agde_20-1024x768.jpg 1024w, https:\/\/location-appartement-cap-agde.com\/wp-content\/uploads\/2021\/02\/Appart_cap_agde_20-768x576.jpg 768w\" sizes=\"auto, (max-width: 1200px) 100vw, 1200px\" \/>\n\t\t<div class=\"figc no-description\">\n\t\t\t<div class=\"figc-inner\">\n\t\t\t\t\t\t\t\t\t\t\t\t\t\t\t<\/div>\n\t\t<\/div>\n\n\t<\/div>\n\n<\/div><div class=\"modula-item effect-pufrobo\" >\n\t<div class=\"modula-item-overlay\"><\/div>\n\n\t<div class=\"modula-item-content\">\n\n\t\t<a data-image-id=\"534\" role=\"button\" tabindex=\"0\" rel=\"jtg-1961\" data-caption=\"\" aria-label=\"Open image in lightbox\" class=\"tile-inner modula-item-link\"><\/a><img loading=\"lazy\" decoding=\"async\" class=\"pic wp-image-534\"  data-valign=\"middle\" data-halign=\"center\" alt=\"appartement cap d&#039;agde\" data-full=\"https:\/\/location-appartement-cap-agde.com\/wp-content\/uploads\/2021\/02\/Appart_cap_agde_17.jpg\" title=\"Appart_cap_agde_17\" crop=\"\" width=\"675\" height=\"900\" src=\"https:\/\/location-appartement-cap-agde.com\/wp-content\/uploads\/2021\/02\/Appart_cap_agde_17.jpg\" data-src=\"https:\/\/location-appartement-cap-agde.com\/wp-content\/uploads\/2021\/02\/Appart_cap_agde_17.jpg\" data-caption=\"\" srcset=\"https:\/\/location-appartement-cap-agde.com\/wp-content\/uploads\/2021\/02\/Appart_cap_agde_17.jpg 675w, https:\/\/location-appartement-cap-agde.com\/wp-content\/uploads\/2021\/02\/Appart_cap_agde_17-225x300.jpg 225w\" sizes=\"auto, (max-width: 675px) 100vw, 675px\" \/>\n\t\t<div class=\"figc no-description\">\n\t\t\t<div class=\"figc-inner\">\n\t\t\t\t\t\t\t\t\t\t\t\t\t\t\t<\/div>\n\t\t<\/div>\n\n\t<\/div>\n\n<\/div><div class=\"modula-item effect-pufrobo\" >\n\t<div class=\"modula-item-overlay\"><\/div>\n\n\t<div class=\"modula-item-content\">\n\n\t\t<a data-image-id=\"1771\" role=\"button\" tabindex=\"0\" rel=\"jtg-1961\" data-caption=\"Echelle escamotable\" aria-label=\"Open image in lightbox\" class=\"tile-inner modula-item-link\"><\/a><img loading=\"lazy\" decoding=\"async\" class=\"pic wp-image-1771\"  data-valign=\"middle\" data-halign=\"center\" alt=\"appartement cap d&#039;agde\" data-full=\"https:\/\/location-appartement-cap-agde.com\/wp-content\/uploads\/2024\/10\/mezzanine-Eleuthera.jpg\" title=\"mezzanine Eleuthera\" crop=\"\" width=\"1380\" height=\"1035\" src=\"https:\/\/location-appartement-cap-agde.com\/wp-content\/uploads\/2024\/10\/mezzanine-Eleuthera.jpg\" data-src=\"https:\/\/location-appartement-cap-agde.com\/wp-content\/uploads\/2024\/10\/mezzanine-Eleuthera.jpg\" data-caption=\"Echelle escamotable\" srcset=\"https:\/\/location-appartement-cap-agde.com\/wp-content\/uploads\/2024\/10\/mezzanine-Eleuthera.jpg 1380w, https:\/\/location-appartement-cap-agde.com\/wp-content\/uploads\/2024\/10\/mezzanine-Eleuthera-300x225.jpg 300w, https:\/\/location-appartement-cap-agde.com\/wp-content\/uploads\/2024\/10\/mezzanine-Eleuthera-1024x768.jpg 1024w, https:\/\/location-appartement-cap-agde.com\/wp-content\/uploads\/2024\/10\/mezzanine-Eleuthera-768x576.jpg 768w\" sizes=\"auto, (max-width: 1380px) 100vw, 1380px\" \/>\n\t\t<div class=\"figc\">\n\t\t\t<div class=\"figc-inner\">\n\t\t\t\t\t\t\t\t\t\t\t\t\t<div class=\"jtg-description\">Echelle escamotable<\/div>\n\t\t\t\t\t\t\t\t\t\t\t<\/div>\n\t\t<\/div>\n\n\t<\/div>\n\n<\/div><div class=\"modula-item effect-pufrobo\" >\n\t<div class=\"modula-item-overlay\"><\/div>\n\n\t<div class=\"modula-item-content\">\n\n\t\t<a data-image-id=\"231\" role=\"button\" tabindex=\"0\" rel=\"jtg-1961\" data-caption=\"\" aria-label=\"Open image in lightbox\" class=\"tile-inner modula-item-link\"><\/a><img loading=\"lazy\" decoding=\"async\" class=\"pic wp-image-231\"  data-valign=\"middle\" data-halign=\"center\" alt=\"appartement cap d&#039;agde\" data-full=\"https:\/\/location-appartement-cap-agde.com\/wp-content\/uploads\/2020\/06\/appartement-cap-dagde071.jpg\" title=\"\" crop=\"\" width=\"1380\" height=\"1035\" src=\"https:\/\/location-appartement-cap-agde.com\/wp-content\/uploads\/2020\/06\/appartement-cap-dagde071.jpg\" data-src=\"https:\/\/location-appartement-cap-agde.com\/wp-content\/uploads\/2020\/06\/appartement-cap-dagde071.jpg\" data-caption=\"\" srcset=\"https:\/\/location-appartement-cap-agde.com\/wp-content\/uploads\/2020\/06\/appartement-cap-dagde071.jpg 1380w, https:\/\/location-appartement-cap-agde.com\/wp-content\/uploads\/2020\/06\/appartement-cap-dagde071-300x225.jpg 300w, https:\/\/location-appartement-cap-agde.com\/wp-content\/uploads\/2020\/06\/appartement-cap-dagde071-1024x768.jpg 1024w, https:\/\/location-appartement-cap-agde.com\/wp-content\/uploads\/2020\/06\/appartement-cap-dagde071-768x576.jpg 768w\" sizes=\"auto, (max-width: 1380px) 100vw, 1380px\" \/>\n\t\t<div class=\"figc no-title no-description\">\n\t\t\t<div class=\"figc-inner\">\n\t\t\t\t\t\t\t\t\t\t\t\t\t\t\t<\/div>\n\t\t<\/div>\n\n\t<\/div>\n\n<\/div>\t\t\n\t<\/div>\n\n\t\n\t\n\t<script type=\"application\/ld+json\">\n\t{\n\t\t\"@context\": \"https:\/\/schema.org\",\n\t\t\"@type\"   : \"ImageGallery\",\n\t\t\"id\"      : \"https:\/\/location-appartement-cap-agde.com\/#modula-gallery-1961\",\n\t\t\"url\"     : \"https:\/\/location-appartement-cap-agde.com\/\"\n\t}\n\n\t<\/script>\n\n\t\n<\/div>\n\n\n\n\n<p><\/p>\n","protected":false},"excerpt":{"rendered":"<p>Appartement enti\u00e8rement r\u00e9nov\u00e9, climatis\u00e9, piscine, parking priv\u00e9 s\u00e9curis\u00e9. L&rsquo;appartement est id\u00e9alement situ\u00e9 dans la r\u00e9sidence Eleuthera au Cap d\u2019Agde, entour\u00e9 d&rsquo;un vaste espace bois\u00e9 d&rsquo;essences m\u00e9diterran\u00e9ennes. Il est enti\u00e8rement refait \u00e0 neuf et climatis\u00e9,&#46;&#46;&#46;<\/p>\n","protected":false},"author":1,"featured_media":535,"parent":0,"menu_order":0,"comment_status":"closed","ping_status":"closed","template":"","meta":{"footnotes":""},"class_list":["post-9","page","type-page","status-publish","has-post-thumbnail","hentry"],"yoast_head":"<!-- This site is optimized with the Yoast SEO plugin v27.5 - https:\/\/yoast.com\/product\/yoast-seo-wordpress\/ -->\n<title>Location Cap d&#039;Agde Appartement Eleuthera - Cap d&#039;Agde -<\/title>\n<meta name=\"description\" content=\"Location appartement r\u00e9sidence Eleuthera au Cap d&#039;Agde \u00e0 deux pas du village naturiste et des plages. Climatisation, Piscine, parking s\u00e9curis\u00e9\" \/>\n<meta name=\"robots\" content=\"index, follow, max-snippet:-1, max-image-preview:large, max-video-preview:-1\" \/>\n<link rel=\"canonical\" href=\"https:\/\/location-appartement-cap-agde.com\/\" \/>\n<meta property=\"og:locale\" content=\"fr_FR\" \/>\n<meta property=\"og:type\" content=\"article\" \/>\n<meta property=\"og:title\" content=\"Location Cap d&#039;Agde Appartement Eleuthera - Cap d&#039;Agde -\" \/>\n<meta property=\"og:description\" content=\"Location appartement r\u00e9sidence Eleuthera au Cap d&#039;Agde \u00e0 deux pas du village naturiste et des plages. Climatisation, Piscine, parking s\u00e9curis\u00e9\" \/>\n<meta property=\"og:url\" content=\"https:\/\/location-appartement-cap-agde.com\/\" \/>\n<meta property=\"og:site_name\" content=\"Appartement Eleuthera - Cap d&#039;Agde\" \/>\n<meta property=\"article:modified_time\" content=\"2025-02-09T18:26:07+00:00\" \/>\n<meta property=\"og:image\" content=\"http:\/\/location-appartement-cap-agde.com\/wp-content\/uploads\/2021\/02\/Appart_cap_agde_18.jpg\" \/>\n\t<meta property=\"og:image:width\" content=\"1200\" \/>\n\t<meta property=\"og:image:height\" content=\"900\" \/>\n\t<meta property=\"og:image:type\" content=\"image\/jpeg\" \/>\n<meta name=\"twitter:card\" content=\"summary_large_image\" \/>\n<meta name=\"twitter:label1\" content=\"Dur\u00e9e de lecture estim\u00e9e\" \/>\n\t<meta name=\"twitter:data1\" content=\"1 minute\" \/>\n<script type=\"application\/ld+json\" class=\"yoast-schema-graph\">{\"@context\":\"https:\\\/\\\/schema.org\",\"@graph\":[{\"@type\":\"WebPage\",\"@id\":\"https:\\\/\\\/location-appartement-cap-agde.com\\\/\",\"url\":\"https:\\\/\\\/location-appartement-cap-agde.com\\\/\",\"name\":\"Location Cap d'Agde Appartement Eleuthera - Cap d&#039;Agde -\",\"isPartOf\":{\"@id\":\"https:\\\/\\\/location-appartement-cap-agde.com\\\/#website\"},\"primaryImageOfPage\":{\"@id\":\"https:\\\/\\\/location-appartement-cap-agde.com\\\/#primaryimage\"},\"image\":{\"@id\":\"https:\\\/\\\/location-appartement-cap-agde.com\\\/#primaryimage\"},\"thumbnailUrl\":\"https:\\\/\\\/location-appartement-cap-agde.com\\\/wp-content\\\/uploads\\\/2021\\\/02\\\/Appart_cap_agde_18.jpg\",\"datePublished\":\"2020-03-04T14:49:44+00:00\",\"dateModified\":\"2025-02-09T18:26:07+00:00\",\"description\":\"Location appartement r\u00e9sidence Eleuthera au Cap d'Agde \u00e0 deux pas du village naturiste et des plages. Climatisation, Piscine, parking s\u00e9curis\u00e9\",\"breadcrumb\":{\"@id\":\"https:\\\/\\\/location-appartement-cap-agde.com\\\/#breadcrumb\"},\"inLanguage\":\"fr-FR\",\"potentialAction\":[{\"@type\":\"ReadAction\",\"target\":[\"https:\\\/\\\/location-appartement-cap-agde.com\\\/\"]}]},{\"@type\":\"ImageObject\",\"inLanguage\":\"fr-FR\",\"@id\":\"https:\\\/\\\/location-appartement-cap-agde.com\\\/#primaryimage\",\"url\":\"https:\\\/\\\/location-appartement-cap-agde.com\\\/wp-content\\\/uploads\\\/2021\\\/02\\\/Appart_cap_agde_18.jpg\",\"contentUrl\":\"https:\\\/\\\/location-appartement-cap-agde.com\\\/wp-content\\\/uploads\\\/2021\\\/02\\\/Appart_cap_agde_18.jpg\",\"width\":1200,\"height\":900},{\"@type\":\"BreadcrumbList\",\"@id\":\"https:\\\/\\\/location-appartement-cap-agde.com\\\/#breadcrumb\",\"itemListElement\":[{\"@type\":\"ListItem\",\"position\":1,\"name\":\"Accueil\",\"item\":\"https:\\\/\\\/location-appartement-cap-agde.com\\\/\"},{\"@type\":\"ListItem\",\"position\":2,\"name\":\"Appartement R\u00e9sidence Eleuthera Cap d&rsquo;Agde\"}]},{\"@type\":\"WebSite\",\"@id\":\"https:\\\/\\\/location-appartement-cap-agde.com\\\/#website\",\"url\":\"https:\\\/\\\/location-appartement-cap-agde.com\\\/\",\"name\":\"Appartement Eleuthera - Cap d&#039;Agde\",\"description\":\"Au milieu des pins parasol\",\"potentialAction\":[{\"@type\":\"SearchAction\",\"target\":{\"@type\":\"EntryPoint\",\"urlTemplate\":\"https:\\\/\\\/location-appartement-cap-agde.com\\\/?s={search_term_string}\"},\"query-input\":{\"@type\":\"PropertyValueSpecification\",\"valueRequired\":true,\"valueName\":\"search_term_string\"}}],\"inLanguage\":\"fr-FR\"}]}<\/script>\n<!-- \/ Yoast SEO plugin. -->","yoast_head_json":{"title":"Location Cap d'Agde Appartement Eleuthera - Cap d&#039;Agde -","description":"Location appartement r\u00e9sidence Eleuthera au Cap d'Agde \u00e0 deux pas du village naturiste et des plages. Climatisation, Piscine, parking s\u00e9curis\u00e9","robots":{"index":"index","follow":"follow","max-snippet":"max-snippet:-1","max-image-preview":"max-image-preview:large","max-video-preview":"max-video-preview:-1"},"canonical":"https:\/\/location-appartement-cap-agde.com\/","og_locale":"fr_FR","og_type":"article","og_title":"Location Cap d'Agde Appartement Eleuthera - Cap d&#039;Agde -","og_description":"Location appartement r\u00e9sidence Eleuthera au Cap d'Agde \u00e0 deux pas du village naturiste et des plages. Climatisation, Piscine, parking s\u00e9curis\u00e9","og_url":"https:\/\/location-appartement-cap-agde.com\/","og_site_name":"Appartement Eleuthera - Cap d&#039;Agde","article_modified_time":"2025-02-09T18:26:07+00:00","og_image":[{"width":1200,"height":900,"url":"http:\/\/location-appartement-cap-agde.com\/wp-content\/uploads\/2021\/02\/Appart_cap_agde_18.jpg","type":"image\/jpeg"}],"twitter_card":"summary_large_image","twitter_misc":{"Dur\u00e9e de lecture estim\u00e9e":"1 minute"},"schema":{"@context":"https:\/\/schema.org","@graph":[{"@type":"WebPage","@id":"https:\/\/location-appartement-cap-agde.com\/","url":"https:\/\/location-appartement-cap-agde.com\/","name":"Location Cap d'Agde Appartement Eleuthera - Cap d&#039;Agde -","isPartOf":{"@id":"https:\/\/location-appartement-cap-agde.com\/#website"},"primaryImageOfPage":{"@id":"https:\/\/location-appartement-cap-agde.com\/#primaryimage"},"image":{"@id":"https:\/\/location-appartement-cap-agde.com\/#primaryimage"},"thumbnailUrl":"https:\/\/location-appartement-cap-agde.com\/wp-content\/uploads\/2021\/02\/Appart_cap_agde_18.jpg","datePublished":"2020-03-04T14:49:44+00:00","dateModified":"2025-02-09T18:26:07+00:00","description":"Location appartement r\u00e9sidence Eleuthera au Cap d'Agde \u00e0 deux pas du village naturiste et des plages. Climatisation, Piscine, parking s\u00e9curis\u00e9","breadcrumb":{"@id":"https:\/\/location-appartement-cap-agde.com\/#breadcrumb"},"inLanguage":"fr-FR","potentialAction":[{"@type":"ReadAction","target":["https:\/\/location-appartement-cap-agde.com\/"]}]},{"@type":"ImageObject","inLanguage":"fr-FR","@id":"https:\/\/location-appartement-cap-agde.com\/#primaryimage","url":"https:\/\/location-appartement-cap-agde.com\/wp-content\/uploads\/2021\/02\/Appart_cap_agde_18.jpg","contentUrl":"https:\/\/location-appartement-cap-agde.com\/wp-content\/uploads\/2021\/02\/Appart_cap_agde_18.jpg","width":1200,"height":900},{"@type":"BreadcrumbList","@id":"https:\/\/location-appartement-cap-agde.com\/#breadcrumb","itemListElement":[{"@type":"ListItem","position":1,"name":"Accueil","item":"https:\/\/location-appartement-cap-agde.com\/"},{"@type":"ListItem","position":2,"name":"Appartement R\u00e9sidence Eleuthera Cap d&rsquo;Agde"}]},{"@type":"WebSite","@id":"https:\/\/location-appartement-cap-agde.com\/#website","url":"https:\/\/location-appartement-cap-agde.com\/","name":"Appartement Eleuthera - Cap d&#039;Agde","description":"Au milieu des pins parasol","potentialAction":[{"@type":"SearchAction","target":{"@type":"EntryPoint","urlTemplate":"https:\/\/location-appartement-cap-agde.com\/?s={search_term_string}"},"query-input":{"@type":"PropertyValueSpecification","valueRequired":true,"valueName":"search_term_string"}}],"inLanguage":"fr-FR"}]}},"jetpack_sharing_enabled":true,"_links":{"self":[{"href":"https:\/\/location-appartement-cap-agde.com\/index.php\/wp-json\/wp\/v2\/pages\/9","targetHints":{"allow":["GET"]}}],"collection":[{"href":"https:\/\/location-appartement-cap-agde.com\/index.php\/wp-json\/wp\/v2\/pages"}],"about":[{"href":"https:\/\/location-appartement-cap-agde.com\/index.php\/wp-json\/wp\/v2\/types\/page"}],"author":[{"embeddable":true,"href":"https:\/\/location-appartement-cap-agde.com\/index.php\/wp-json\/wp\/v2\/users\/1"}],"replies":[{"embeddable":true,"href":"https:\/\/location-appartement-cap-agde.com\/index.php\/wp-json\/wp\/v2\/comments?post=9"}],"version-history":[{"count":53,"href":"https:\/\/location-appartement-cap-agde.com\/index.php\/wp-json\/wp\/v2\/pages\/9\/revisions"}],"predecessor-version":[{"id":1963,"href":"https:\/\/location-appartement-cap-agde.com\/index.php\/wp-json\/wp\/v2\/pages\/9\/revisions\/1963"}],"wp:featuredmedia":[{"embeddable":true,"href":"https:\/\/location-appartement-cap-agde.com\/index.php\/wp-json\/wp\/v2\/media\/535"}],"wp:attachment":[{"href":"https:\/\/location-appartement-cap-agde.com\/index.php\/wp-json\/wp\/v2\/media?parent=9"}],"curies":[{"name":"wp","href":"https:\/\/api.w.org\/{rel}","templated":true}]}}